{"id":1018,"date":"2025-01-04T23:40:26","date_gmt":"2025-01-04T22:40:26","guid":{"rendered":"https:\/\/lara.aerogus.net\/?page_id=1018"},"modified":"2025-07-14T10:23:48","modified_gmt":"2025-07-14T08:23:48","slug":"le-wooclette-tour","status":"publish","type":"page","link":"https:\/\/blogdelara.etcheverry.net\/","title":{"rendered":"Le Wooclette Tour"},"content":{"rendered":"\n<p class=\"has-text-align-center\">Une itin\u00e9rance \u00e0 bicyclette en solo charg\u00e9e d&rsquo;\u00e9changes culturels<\/p>\n\n\n\n<figure class=\"wp-block-image size-large\"><a href=\"https:\/\/blogdelara.etcheverry.net\/wp-content\/uploads\/2025\/01\/bombesenvadrouille-scaled.jpeg\"><img decoding=\"async\" src=\"https:\/\/blogdelara.etcheverry.net\/wp-content\/uploads\/2025\/01\/bombesenvadrouille-1024x675.jpeg\" alt=\"\" class=\"wp-image-1019\"\/><\/a><figcaption class=\"wp-element-caption\">Bombes sexuelles en vadrouille<\/figcaption><\/figure>\n\n\n\n<p>Le Wooclette Tour, un itin\u00e9rance \u00e0 v\u00e9lo que j&rsquo;ai r\u00e9alis\u00e9 entre le 7 mai et le 10 juillet 2025. Sur ma route, j&rsquo;ai cherch\u00e9 \u00ab\u00a0culture contre nourriture\u00a0\u00bb, afin de requestionner mes pratiques professionnelles dans le secteur culturel ainsi que ma mobilit\u00e9 et ma capacit\u00e9 \u00e0 \u00ab\u00a0ralentir\u00a0\u00bb.<\/p>\n\n\n\n<p>Je vous propose \u00e0 travers ce blog de :<br>&#8211; d\u00e9couvrir le projet initial avec des mots dedans <a href=\"https:\/\/blogdelara.etcheverry.net\/index.php\/wooclette-tour-le-projet\/\">ICI<\/a><br>&#8211; lire la s\u00e9rie d&rsquo;articles \u00e9crit pendant le voyage : <a href=\"https:\/\/blogdelara.etcheverry.net\/index.php\/suivre-le-voyage\/\">youpi !<\/a><\/p>\n\n\n\n<figure class=\"wp-block-image size-full\"><a href=\"https:\/\/blogdelara.etcheverry.net\/wp-content\/uploads\/2025\/07\/FinishWooclette.png\"><img loading=\"lazy\" decoding=\"async\" width=\"973\" height=\"801\" src=\"https:\/\/blogdelara.etcheverry.net\/wp-content\/uploads\/2025\/07\/FinishWooclette.png\" alt=\"\" class=\"wp-image-2007\" srcset=\"https:\/\/blogdelara.etcheverry.net\/wp-content\/uploads\/2025\/07\/FinishWooclette.png 973w, https:\/\/blogdelara.etcheverry.net\/wp-content\/uploads\/2025\/07\/FinishWooclette-300x247.png 300w, https:\/\/blogdelara.etcheverry.net\/wp-content\/uploads\/2025\/07\/FinishWooclette-768x632.png 768w\" sizes=\"auto, (max-width: 973px) 100vw, 973px\" \/><\/a><\/figure>\n","protected":false},"excerpt":{"rendered":"<p>Une itin\u00e9rance \u00e0 bicyclette en solo charg\u00e9e d&rsquo;\u00e9changes culturels Le Wooclette Tour, un itin\u00e9rance \u00e0 v\u00e9lo que j&rsquo;ai r\u00e9alis\u00e9 entre le 7 mai et le 10 juillet 2025. Sur ma route, j&rsquo;ai cherch\u00e9 \u00ab\u00a0culture contre nourriture\u00a0\u00bb, afin de requestionner mes pratiques professionnelles dans le secteur culturel ainsi que ma mobilit\u00e9 et ma capacit\u00e9 \u00e0 \u00ab\u00a0ralentir\u00a0\u00bb.&hellip; <a class=\"more-link\" href=\"https:\/\/blogdelara.etcheverry.net\/\">Poursuivre la lecture <span class=\"screen-reader-text\">Le Wooclette Tour<\/span><\/a><\/p>\n","protected":false},"author":1,"featured_media":0,"parent":0,"menu_order":0,"comment_status":"closed","ping_status":"closed","template":"","meta":{"footnotes":""},"class_list":["post-1018","page","type-page","status-publish","hentry","entry"],"_links":{"self":[{"href":"https:\/\/blogdelara.etcheverry.net\/index.php\/wp-json\/wp\/v2\/pages\/1018","targetHints":{"allow":["GET"]}}],"collection":[{"href":"https:\/\/blogdelara.etcheverry.net\/index.php\/wp-json\/wp\/v2\/pages"}],"about":[{"href":"https:\/\/blogdelara.etcheverry.net\/index.php\/wp-json\/wp\/v2\/types\/page"}],"author":[{"embeddable":true,"href":"https:\/\/blogdelara.etcheverry.net\/index.php\/wp-json\/wp\/v2\/users\/1"}],"replies":[{"embeddable":true,"href":"https:\/\/blogdelara.etcheverry.net\/index.php\/wp-json\/wp\/v2\/comments?post=1018"}],"version-history":[{"count":5,"href":"https:\/\/blogdelara.etcheverry.net\/index.php\/wp-json\/wp\/v2\/pages\/1018\/revisions"}],"predecessor-version":[{"id":2009,"href":"https:\/\/blogdelara.etcheverry.net\/index.php\/wp-json\/wp\/v2\/pages\/1018\/revisions\/2009"}],"wp:attachment":[{"href":"https:\/\/blogdelara.etcheverry.net\/index.php\/wp-json\/wp\/v2\/media?parent=1018"}],"curies":[{"name":"wp","href":"https:\/\/api.w.org\/{rel}","templated":true}]}}