{"id":1026,"date":"2025-01-04T23:50:03","date_gmt":"2025-01-04T22:50:03","guid":{"rendered":"https:\/\/lara.aerogus.net\/?page_id=1026"},"modified":"2025-07-14T10:33:55","modified_gmt":"2025-07-14T08:33:55","slug":"suivre-le-voyage","status":"publish","type":"page","link":"https:\/\/blogdelara.etcheverry.net\/index.php\/suivre-le-voyage\/","title":{"rendered":"Suivre le voyage"},"content":{"rendered":"<div class=\"wp-block-image is-style-rounded\">\n<figure class=\"alignleft size-large is-resized\"><a href=\"https:\/\/blogdelara.etcheverry.net\/wp-content\/uploads\/2025\/01\/440c9819-1254-4164-9c5c-8b98e0ee9fbf.jpg\"><img decoding=\"async\" src=\"https:\/\/blogdelara.etcheverry.net\/wp-content\/uploads\/2025\/01\/440c9819-1254-4164-9c5c-8b98e0ee9fbf-edited.jpg\" alt=\"\" class=\"wp-image-1037\" style=\"width:230px;height:auto\"\/><\/a><\/figure>\n<\/div>\n\n\n<p>Vous trouverez ici, les r\u00e9cits de voyage de cette itin\u00e9rance!<\/p>\n\n\n\n<p>R\u00e9cits des \u00e9tapes, anecdotes, tips, et\/ou trace gpx de l&rsquo;aventure.<\/p>\n\n\n\n<p>Suivez le guide.<\/p>\n\n\n\n<ul class=\"wp-block-list\">\n<li><a href=\"https:\/\/blogdelara.etcheverry.net\/index.php\/2025\/01\/05\/janvier-2025-la-prepa\/\">La pr\u00e9pa<\/a><\/li>\n\n\n\n<li><a href=\"https:\/\/blogdelara.etcheverry.net\/index.php\/2025\/04\/06\/mars-2025-je-ne-serai-pas-un-peu-en-retard\/\">Mars 25: Inventaire et point de situation<\/a><\/li>\n\n\n\n<li><a href=\"https:\/\/blogdelara.etcheverry.net\/index.php\/2025\/04\/30\/derniere-ligne-droite\/\">La derni\u00e8re ligne droite<\/a><\/li>\n\n\n\n<li><a href=\"https:\/\/blogdelara.etcheverry.net\/index.php\/2025\/05\/07\/premiere-journee\/\">Premi\u00e8re journ\u00e9e<\/a><\/li>\n\n\n\n<li><a href=\"https:\/\/blogdelara.etcheverry.net\/index.php\/2025\/05\/08\/deuxieme-journee\/\">Deuxi\u00e8me journ\u00e9e<\/a><\/li>\n\n\n\n<li><a href=\"https:\/\/blogdelara.etcheverry.net\/index.php\/2025\/05\/09\/troisieme-jour\/\">Troisi\u00e8me jour: s&rsquo;acclimater \u00e0 la solitude<\/a><\/li>\n\n\n\n<li><a href=\"https:\/\/blogdelara.etcheverry.net\/index.php\/2025\/05\/10\/quatrieme-jour\/\">Quatri\u00e8me jour: l&rsquo;\u00e9tape du kiffe<\/a><\/li>\n\n\n\n<li><a href=\"https:\/\/blogdelara.etcheverry.net\/index.php\/2025\/05\/11\/larrivee-a-tours\/\">L&rsquo;arriv\u00e9e \u00e0 Tours<\/a><\/li>\n\n\n\n<li><a href=\"https:\/\/blogdelara.etcheverry.net\/index.php\/2025\/05\/16\/tours\/\">Tours<\/a><\/li>\n\n\n\n<li><a href=\"https:\/\/blogdelara.etcheverry.net\/index.php\/2025\/05\/20\/tours-saumur\/\">Tours \/ Saumur<\/a><\/li>\n\n\n\n<li><a href=\"https:\/\/blogdelara.etcheverry.net\/index.php\/2025\/05\/21\/quinzieme-jour\/\">Saumur \/ St G\u00e9n\u00e9roux<\/a><\/li>\n\n\n\n<li><a href=\"https:\/\/blogdelara.etcheverry.net\/index.php\/2025\/05\/23\/seiziemejour\/\">St G\u00e9n\u00e9roux \/ St Pardoux<\/a><\/li>\n\n\n\n<li><a href=\"https:\/\/blogdelara.etcheverry.net\/index.php\/2025\/05\/28\/saint-pardoux\/\">St Pardoux<\/a><\/li>\n\n\n\n<li><a href=\"https:\/\/blogdelara.etcheverry.net\/index.php\/2025\/05\/29\/vingt-troisieme-jour\/\">St Pardoux \/ Le Mazeau<\/a><\/li>\n\n\n\n<li><a href=\"https:\/\/blogdelara.etcheverry.net\/index.php\/2025\/05\/30\/vingt-quatrieme-jour\/\">La Mazeau \/ Breuil Magn\u00e9<\/a><\/li>\n\n\n\n<li><a href=\"https:\/\/blogdelara.etcheverry.net\/index.php\/2025\/06\/01\/vingt-cinquieme-jour\/\">Breuil Magn\u00e9 \/ Royan<\/a><\/li>\n\n\n\n<li><a href=\"https:\/\/blogdelara.etcheverry.net\/index.php\/2025\/06\/05\/trentieme-jour\/\">Royan \/ Blaye<\/a><\/li>\n\n\n\n<li><a href=\"https:\/\/blogdelara.etcheverry.net\/index.php\/2025\/06\/06\/trente-et-unieme-jour\/\">Blaye \/ Lormont<\/a><\/li>\n\n\n\n<li><a href=\"https:\/\/blogdelara.etcheverry.net\/index.php\/2025\/06\/11\/bordeaux\/\">Bordeaux<\/a><\/li>\n\n\n\n<li><a href=\"https:\/\/blogdelara.etcheverry.net\/index.php\/2025\/06\/11\/trente-sixieme-jour\/\">Sadirac \/ Biganos<\/a><\/li>\n\n\n\n<li><a href=\"https:\/\/blogdelara.etcheverry.net\/index.php\/2025\/06\/12\/trente-septieme-jour\/\">Biganos \/ Mimizan<\/a><\/li>\n\n\n\n<li><a href=\"https:\/\/blogdelara.etcheverry.net\/index.php\/2025\/06\/18\/trente-neuvieme-jour\/\">Mimizan \/ Bayonne<\/a><\/li>\n\n\n\n<li><a href=\"https:\/\/blogdelara.etcheverry.net\/index.php\/2025\/06\/20\/quarante-cinquieme-jour\/\">Bayonne \/ Sunbilla<\/a><\/li>\n\n\n\n<li><a href=\"https:\/\/blogdelara.etcheverry.net\/index.php\/2025\/06\/21\/quarante-sixieme-jour\/\">Sunbilla \/ Pamplona<\/a><\/li>\n\n\n\n<li><a href=\"https:\/\/blogdelara.etcheverry.net\/index.php\/2025\/06\/22\/quarante-septieme-jour\/\">Pamplona \/ Estella<\/a><\/li>\n\n\n\n<li><a href=\"https:\/\/blogdelara.etcheverry.net\/index.php\/2025\/06\/23\/quarante-huitieme-jour\/\">Estella \/ Logro\u00f1o<\/a><\/li>\n\n\n\n<li><a href=\"https:\/\/blogdelara.etcheverry.net\/index.php\/2025\/06\/23\/quarante-huitieme-jour\/\">Logro\u00f1o \/ Santo Domingo de la Calzada<\/a><\/li>\n\n\n\n<li><a href=\"https:\/\/blogdelara.etcheverry.net\/index.php\/2025\/06\/25\/cinquantieme-jour\/\">Santo Domingo de la Calzada \/ Burgos<\/a><\/li>\n\n\n\n<li><a href=\"https:\/\/blogdelara.etcheverry.net\/index.php\/2025\/06\/26\/cinquante-et-unieme-jour\/\">Burgos \/ Fromista<\/a><\/li>\n\n\n\n<li><a href=\"https:\/\/blogdelara.etcheverry.net\/index.php\/2025\/06\/27\/cinquante-deuxieme-jour\/\">Fromista \/ Sahagun<\/a><\/li>\n\n\n\n<li><a href=\"https:\/\/blogdelara.etcheverry.net\/index.php\/2025\/06\/28\/cinquante-troisieme-jour\/\">Sahagun \/ Leon<\/a><\/li>\n\n\n\n<li><a href=\"https:\/\/blogdelara.etcheverry.net\/index.php\/2025\/06\/29\/cinquante-quatrieme-jour\/\">Leon \/ Villafranca del Bierzo<\/a><\/li>\n\n\n\n<li><a href=\"https:\/\/blogdelara.etcheverry.net\/index.php\/2025\/06\/30\/cinquante-cinquieme-jour\/\">Villafranca del Bierzo \/ Triacastela<\/a><\/li>\n\n\n\n<li><a href=\"https:\/\/blogdelara.etcheverry.net\/index.php\/2025\/07\/01\/cinquante-sixieme-jour\/\">Triacastela \/ Portomarin<\/a><\/li>\n\n\n\n<li><a href=\"https:\/\/blogdelara.etcheverry.net\/index.php\/2025\/07\/02\/cinquante-septieme-jour\/\">Portomarin \/ Arzua<\/a><\/li>\n\n\n\n<li><a href=\"https:\/\/blogdelara.etcheverry.net\/index.php\/2025\/07\/03\/cinquante-huitieme-jour\/\">Arzua \/ Saint Jacques de Compostelle<\/a><\/li>\n\n\n\n<li><a href=\"https:\/\/blogdelara.etcheverry.net\/index.php\/2025\/07\/05\/soixantieme-jour\/\">A Carreira \/ Caldas de Reis &#8211; Fisterra et errance dans Santiago<\/a><\/li>\n\n\n\n<li><a href=\"https:\/\/blogdelara.etcheverry.net\/index.php\/2025\/07\/07\/soixante-deuxieme-jour\/\">Caldas de Reis \/ Vigo<\/a><\/li>\n\n\n\n<li><a href=\"https:\/\/blogdelara.etcheverry.net\/index.php\/2025\/07\/08\/soixante-troisieme-jour\/\">Vigo \/ Caminha<\/a><\/li>\n\n\n\n<li><a href=\"https:\/\/blogdelara.etcheverry.net\/index.php\/2025\/07\/09\/soixante-quatrieme-jour\/\">Caminha \/ Esposende<\/a><\/li>\n\n\n\n<li><a href=\"https:\/\/blogdelara.etcheverry.net\/index.php\/2025\/07\/10\/porto\/\">Porto<\/a><\/li>\n\n\n\n<li><a href=\"https:\/\/blogdelara.etcheverry.net\/index.php\/2025\/07\/11\/soixante-sixieme-jour\/\">Dernier \u00e9pisode<\/a><\/li>\n<\/ul>\n\n\n\n<p><\/p>\n","protected":false},"excerpt":{"rendered":"<p>Vous trouverez ici, les r\u00e9cits de voyage de cette itin\u00e9rance! R\u00e9cits des \u00e9tapes, anecdotes, tips, et\/ou trace gpx de l&rsquo;aventure. Suivez le guide.<\/p>\n","protected":false},"author":1,"featured_media":0,"parent":0,"menu_order":0,"comment_status":"closed","ping_status":"closed","template":"","meta":{"footnotes":""},"class_list":["post-1026","page","type-page","status-publish","hentry","entry"],"_links":{"self":[{"href":"https:\/\/blogdelara.etcheverry.net\/index.php\/wp-json\/wp\/v2\/pages\/1026","targetHints":{"allow":["GET"]}}],"collection":[{"href":"https:\/\/blogdelara.etcheverry.net\/index.php\/wp-json\/wp\/v2\/pages"}],"about":[{"href":"https:\/\/blogdelara.etcheverry.net\/index.php\/wp-json\/wp\/v2\/types\/page"}],"author":[{"embeddable":true,"href":"https:\/\/blogdelara.etcheverry.net\/index.php\/wp-json\/wp\/v2\/users\/1"}],"replies":[{"embeddable":true,"href":"https:\/\/blogdelara.etcheverry.net\/index.php\/wp-json\/wp\/v2\/comments?post=1026"}],"version-history":[{"count":43,"href":"https:\/\/blogdelara.etcheverry.net\/index.php\/wp-json\/wp\/v2\/pages\/1026\/revisions"}],"predecessor-version":[{"id":2013,"href":"https:\/\/blogdelara.etcheverry.net\/index.php\/wp-json\/wp\/v2\/pages\/1026\/revisions\/2013"}],"wp:attachment":[{"href":"https:\/\/blogdelara.etcheverry.net\/index.php\/wp-json\/wp\/v2\/media?parent=1026"}],"curies":[{"name":"wp","href":"https:\/\/api.w.org\/{rel}","templated":true}]}}