{"id":1044,"date":"2025-01-05T00:22:50","date_gmt":"2025-01-04T23:22:50","guid":{"rendered":"https:\/\/lara.aerogus.net\/?page_id=1044"},"modified":"2025-03-31T11:50:19","modified_gmt":"2025-03-31T09:50:19","slug":"wooclette-tour-le-projet","status":"publish","type":"page","link":"https:\/\/blogdelara.etcheverry.net\/index.php\/wooclette-tour-le-projet\/","title":{"rendered":"Wooclette Tour &#8211; le projet"},"content":{"rendered":"\n<p>Alors que j&rsquo;\u00e9tais d\u00e9j\u00e0 en voyage sur une bicyclette, j&rsquo;ai eu envie de vivre une aventure qui secoue et va un peu plus loin que mes habituels voyages d&rsquo;\u00e9t\u00e9 en v\u00e9lo.<\/p>\n\n\n\n<p>Le Wooclette Tour c&rsquo;est le projet d&rsquo;un voyage en v\u00e9lo avec 3 grands objectifs:<\/p>\n\n\n\n<h4 class=\"wp-block-heading\">1 &#8211; Faire un grand voyage seule et d\u00e9carbon\u00e9<\/h4>\n\n\n\n<p>Il y a 10 ans, je faisais ma premi\u00e8re itin\u00e9rance sur 5 jours \u00e0 pied en \u00c9cosse. Depuis, tous les \u00e9t\u00e9s, j&rsquo;ai profit\u00e9 de mes cong\u00e9s pour partir plusieurs jours en itin\u00e9rance \u00e0 pieds ou \u00e0 v\u00e9lo, toujours bien accompagn\u00e9e.<\/p>\n\n\n<div class=\"wp-block-image is-style-twentytwentyone-image-frame\">\n<figure class=\"alignright size-large is-resized\"><a href=\"https:\/\/blogdelara.etcheverry.net\/wp-content\/uploads\/2025\/01\/IMG_1559-scaled.jpg\"><img decoding=\"async\" src=\"https:\/\/blogdelara.etcheverry.net\/wp-content\/uploads\/2025\/01\/IMG_1559-769x1024.jpg\" alt=\"\" class=\"wp-image-1087\" style=\"aspect-ratio:1;object-fit:cover;width:292px;height:auto\"\/><\/a><\/figure>\n<\/div>\n\n\n<p>Ces 4 derni\u00e8res ann\u00e9es j&rsquo;ai parcouru quelques voies cyclables qui m&rsquo;ont fait d\u00e9couvrir la France \u00e0 une \u00e9chelle plus humaine et plus lente.<br>Aujourd\u2019hui, je prends le temps d\u2019aller jusqu\u2019au Portugal \u00e0 v\u00e9lo entre mai et juillet 2025.<\/p>\n\n\n\n<p>Comme on dit que l\u2019important c\u2019est le chemin que l\u2019on parcourt, j\u2019ai pr\u00e9vu sur ma route, de me nourrir des exp\u00e9riences des autres et de partager les miennes.<\/p>\n\n\n\n<ul class=\"wp-block-list\">\n<li>Parce que j\u2019ai un peu d\u2019XP et que j\u2019adore<\/li>\n\n\n\n<li>Parce que j\u2019ai besoin de prendre l\u2019air<\/li>\n\n\n\n<li>Parce que j\u2019en ai toujours r\u00eav\u00e9<\/li>\n<\/ul>\n\n\n\n<h4 class=\"wp-block-heading\">2 &#8211; Faire des rencontres humaines et professionnelles<\/h4>\n\n\n\n<p>Les premi\u00e8res rencontres que j\u2019imagine, seraient dans des lieux socio-culturels et \u00e9co-lieux.<\/p>\n\n\n\n<p>Je garde d&rsquo;un \u0153il lointain ces quelques ressources pour trouver, peut \u00eatre, un toit pour quelque jours.<\/p>\n\n\n\n<ul class=\"wp-block-list\">\n<li>Woofing: <a href=\"https:\/\/wwoof.fr\/fr\/\">https:\/\/wwoof.fr\/fr\/<\/a> et <a href=\"https:\/\/wwoof.es\/fr\/\">https:\/\/wwoof.es\/fr\/<\/a>&nbsp;<\/li>\n\n\n\n<li>HelpX: <a href=\"https:\/\/www.helpx.net\/\">https:\/\/www.helpx.net\/<\/a><\/li>\n\n\n\n<li>Workaway: <a href=\"https:\/\/www.workaway.info\/\">https:\/\/www.workaway.info\/<\/a>&nbsp;<\/li>\n\n\n\n<li>WarmShower: <a href=\"https:\/\/fr.warmshowers.org\/fr\">https:\/\/fr.warmshowers.org\/fr<\/a> <\/li>\n<\/ul>\n\n\n\n<p>De part mon exp\u00e9rience, j\u2019ai quelques comp\u00e9tences \u00e0 offrir pour l&rsquo;organisation de spectacles\/concerts:<\/p>\n\n\n<div class=\"wp-block-image is-style-rounded\">\n<figure class=\"alignright size-large\"><a href=\"https:\/\/blogdelara.etcheverry.net\/wp-content\/uploads\/2025\/01\/CRON0828.jpg\"><img decoding=\"async\" src=\"https:\/\/blogdelara.etcheverry.net\/wp-content\/uploads\/2025\/01\/CRON0828-edited-1024x1024.jpg\" alt=\"\" class=\"wp-image-1078\" style=\"object-fit:cover\"\/><\/a><\/figure>\n<\/div>\n\n\n<ul class=\"wp-block-list\">\n<li>Accueil public<\/li>\n\n\n\n<li>Accueil artistes<\/li>\n\n\n\n<li>Production<\/li>\n\n\n\n<li>Communication<\/li>\n\n\n\n<li>Un peu d\u2019aide technique, notamment du plateau en musique, ou installations pour des spectacles de rue<\/li>\n\n\n\n<li>Apr\u00e8s j\u2019ai aussi d\u00e9j\u00e0 fait la traite de ch\u00e8vres \u00e0 la ferme, et j\u2019adore enlever les mauvaises herbes. Je g\u00e8re grave le rotofil.<\/li>\n<\/ul>\n\n\n\n<h4 class=\"wp-block-heading\">3 &#8211; Partager et recevoir de la musique<\/h4>\n\n\n\n<ul class=\"wp-block-list\">\n<li><strong>Recevoir<\/strong>: contacter des associations de musique traditionnelles r\u00e9gionales.<\/li>\n\n\n\n<li><strong>Partager<\/strong>: contacter des \u00e9coles et des lieux culturels pour mes projets:\n<ul class=\"wp-block-list\">\n<li><a href=\"https:\/\/blogdelara.etcheverry.net\/index.php\/interventions\/\">Interventions Musicales autour des Musiques Trads<\/a><\/li>\n<\/ul>\n<\/li>\n<\/ul>\n\n\n<div class=\"wp-block-image is-style-rounded\">\n<figure class=\"alignleft size-large is-resized\"><a href=\"https:\/\/blogdelara.etcheverry.net\/wp-content\/uploads\/2025\/01\/IMG_3485-scaled.jpg\"><img decoding=\"async\" src=\"https:\/\/blogdelara.etcheverry.net\/wp-content\/uploads\/2025\/01\/IMG_3485-edited-scaled.jpg\" alt=\"\" class=\"wp-image-1082\" style=\"width:304px;height:auto\"\/><\/a><\/figure>\n<\/div>\n\n\n<p>Possibilit\u00e9 pour les lieux qui m\u2019accueilleront de faire des ateliers de musique traditionnelle aupr\u00e8s de diff\u00e9rents publics: scolaires, groupes d\u2019enfants, adultes.<\/p>\n\n\n\n<p>Les interventions sont \u00e0 construire en concertation, mais il est possible de faire des interventions sans enjeux entre 1h30 et 3h, avec participation de diff\u00e9rents publics. Aucun mat\u00e9riel n&rsquo;est n\u00e9cessaire \u00e0 ces interventions.<\/p>\n\n\n\n<p>Je voyage avec mon charango et des morceaux de musique traditionnelle de Bretagne et du Chili.<\/p>\n\n\n\n<p>Pour en savoir plus cliquez <a href=\"https:\/\/blogdelara.etcheverry.net\/index.php\/interventions\/\">ici<\/a><\/p>\n\n\n\n<ul class=\"wp-block-list\">\n<li><a href=\"https:\/\/verveine-underground.fr\/\">Concert Verveine UNDERGROUND<\/a><\/li>\n<\/ul>\n\n\n<div class=\"wp-block-image is-style-rounded\">\n<figure class=\"alignright size-large\"><a href=\"https:\/\/blogdelara.etcheverry.net\/wp-content\/uploads\/2025\/01\/verveine.jpg\"><img decoding=\"async\" src=\"https:\/\/blogdelara.etcheverry.net\/wp-content\/uploads\/2025\/01\/verveine-1024x576.jpg\" alt=\"\" class=\"wp-image-1090\"\/><\/a><\/figure>\n<\/div>\n\n\n<p>Je suis membre d&rsquo;un duo de reprises des Beatles: Verveine UNDERGROUND. Ce duo peut jouer chez l&rsquo;habitant, en m\u00e9diath\u00e8que, dans un bar ou dans une salle \u00e9quip\u00e9e.<\/p>\n\n\n\n<p>D\u00e9couvrez le projet <a href=\"https:\/\/verveine-underground.fr\/\">ici<\/a><br>Nos derni\u00e8res cr\u00e9ations:<br>&#8211; <a href=\"https:\/\/videos.adhocmusic.com\/w\/aBkLeLKTshomt1hyBQWyRZ\">Le Clip de Rocky Raccoon<\/a><br>&#8211; <a href=\"https:\/\/videos.adhocmusic.com\/w\/8eqmAS1mS59bNHxUyFZF6b\">La captation live au Klobe<\/a> (Palaiseau, 91)<\/p>\n\n\n\n<ul class=\"wp-block-list\">\n<li><a href=\"https:\/\/blogdelara.etcheverry.net\/index.php\/favoriser-les-pratiques-inclusives\/\">Stage de musique en mixit\u00e9 choisie<\/a><\/li>\n<\/ul>\n\n\n\n<p>De par mon exp\u00e9rience professionnelle en cours \u00e0 la MJC Boby Lapointe, j&rsquo;ai mont\u00e9 et anim\u00e9 des stages de musique en mixit\u00e9 choisie. L&rsquo;objectif est d&rsquo;avoir un espace de pratique artistique &#8211; plut\u00f4t de la musique pour ce qui me concerne &#8211; bienveillant, sur un temps plus ou moins long &#8211; environ 1 semaine &#8211; pour fabriquer un r\u00e9pertoire ensemble.<\/p>\n\n\n\n<figure class=\"wp-block-image size-large is-style-rounded\"><a href=\"https:\/\/blogdelara.etcheverry.net\/wp-content\/uploads\/2025\/01\/meufs.jpeg\"><img decoding=\"async\" src=\"https:\/\/blogdelara.etcheverry.net\/wp-content\/uploads\/2025\/01\/meufs-1024x491.jpeg\" alt=\"\" class=\"wp-image-1092\"\/><\/a><figcaption class=\"wp-element-caption\">Toutes en Musique 2023<\/figcaption><\/figure>\n\n\n\n<p>L&rsquo;enjeu de ce stage est de cr\u00e9er un moment pour l&rsquo;\u00e9panouissement de l&rsquo;individu au service d&rsquo;une cr\u00e9ation collective. La mixit\u00e9 choisie permet au groupe son \u00e9mancipation, mais \u00e9galement de se reposer sur l&rsquo;exp\u00e9rience des un.es des autres pour s&rsquo;outiller en mixit\u00e9.<\/p>\n\n\n\n<p>Ressources sur le projet men\u00e9 \u00e0 la MJC Boby Lapointe:<\/p>\n\n\n\n<ul class=\"wp-block-list\">\n<li><a href=\"https:\/\/www.mjcvillebon.org\/favoriser-les-pratiques-feminines\/\">Descriptif du projet<\/a><\/li>\n\n\n\n<li><a href=\"https:\/\/www.mjcvillebon.org\/girls-on-fire\/\">Article sur la soir\u00e9e de restitution d&rsquo;un stage<\/a><\/li>\n<\/ul>\n","protected":false},"excerpt":{"rendered":"<p>Alors que j&rsquo;\u00e9tais d\u00e9j\u00e0 en voyage sur une bicyclette, j&rsquo;ai eu envie de vivre une aventure qui secoue et va un peu plus loin que mes habituels voyages d&rsquo;\u00e9t\u00e9 en v\u00e9lo. Le Wooclette Tour c&rsquo;est le projet d&rsquo;un voyage en v\u00e9lo avec 3 grands objectifs: 1 &#8211; Faire un grand voyage seule et d\u00e9carbon\u00e9 Il&hellip; <a class=\"more-link\" href=\"https:\/\/blogdelara.etcheverry.net\/index.php\/wooclette-tour-le-projet\/\">Poursuivre la lecture <span class=\"screen-reader-text\">Wooclette Tour &#8211; le projet<\/span><\/a><\/p>\n","protected":false},"author":1,"featured_media":0,"parent":0,"menu_order":0,"comment_status":"closed","ping_status":"closed","template":"","meta":{"footnotes":""},"class_list":["post-1044","page","type-page","status-publish","hentry","entry"],"_links":{"self":[{"href":"https:\/\/blogdelara.etcheverry.net\/index.php\/wp-json\/wp\/v2\/pages\/1044","targetHints":{"allow":["GET"]}}],"collection":[{"href":"https:\/\/blogdelara.etcheverry.net\/index.php\/wp-json\/wp\/v2\/pages"}],"about":[{"href":"https:\/\/blogdelara.etcheverry.net\/index.php\/wp-json\/wp\/v2\/types\/page"}],"author":[{"embeddable":true,"href":"https:\/\/blogdelara.etcheverry.net\/index.php\/wp-json\/wp\/v2\/users\/1"}],"replies":[{"embeddable":true,"href":"https:\/\/blogdelara.etcheverry.net\/index.php\/wp-json\/wp\/v2\/comments?post=1044"}],"version-history":[{"count":3,"href":"https:\/\/blogdelara.etcheverry.net\/index.php\/wp-json\/wp\/v2\/pages\/1044\/revisions"}],"predecessor-version":[{"id":1165,"href":"https:\/\/blogdelara.etcheverry.net\/index.php\/wp-json\/wp\/v2\/pages\/1044\/revisions\/1165"}],"wp:attachment":[{"href":"https:\/\/blogdelara.etcheverry.net\/index.php\/wp-json\/wp\/v2\/media?parent=1044"}],"curies":[{"name":"wp","href":"https:\/\/api.w.org\/{rel}","templated":true}]}}