{"id":1048,"date":"2025-01-05T00:27:13","date_gmt":"2025-01-04T23:27:13","guid":{"rendered":"https:\/\/lara.aerogus.net\/?page_id=1048"},"modified":"2025-07-14T10:39:51","modified_gmt":"2025-07-14T08:39:51","slug":"itineraire","status":"publish","type":"page","link":"https:\/\/blogdelara.etcheverry.net\/index.php\/itineraire\/","title":{"rendered":"L&rsquo;itin\u00e9raire"},"content":{"rendered":"\n<p class=\"has-text-align-center\"><strong><mark style=\"background-color:rgba(0, 0, 0, 0)\" class=\"has-inline-color has-black-color\">Aller \u00e0 Porto en Bicyclette? Cap!<\/mark><\/strong><\/p>\n\n\n\n<p><strong><span style=\"text-decoration: underline;\">Itin\u00e9raire programm\u00e9:<\/span><\/strong><br>Palaiseau &#8211; Porto: <strong>2535 kms<\/strong><\/p>\n\n\n\n<figure class=\"wp-block-image size-large\"><a href=\"https:\/\/blogdelara.etcheverry.net\/wp-content\/uploads\/2025\/02\/Capture-decran-2025-02-03-a-18.52.00.png\"><img decoding=\"async\" src=\"https:\/\/blogdelara.etcheverry.net\/wp-content\/uploads\/2025\/02\/Capture-decran-2025-02-03-a-18.52.00-1024x783.png\" alt=\"Parcours Wooclette\" class=\"wp-image-1158\"\/><\/a><\/figure>\n\n\n\n<p>Pistes:&nbsp;<\/p>\n\n\n\n<ul class=\"wp-block-list\">\n<li><a href=\"https:\/\/www.veloscenie.com\/\">V\u00e9losc\u00e9nie<\/a><\/li>\n\n\n\n<li><a href=\"https:\/\/www.vallee-du-loir.com\/la-vallee-du-loir-a-velo\/la-vallee-du-loir-a-velo-v47-litineraire\/\">Vall\u00e9e du Loir \u00e0 v\u00e9lo<\/a><\/li>\n\n\n\n<li><a href=\"https:\/\/www.francevelotourisme.com\/itineraire\/saint-jacques-a-velo-via-tours\">St Jacques \u00e0 v\u00e9lo via Tours<\/a><\/li>\n\n\n\n<li><a href=\"https:\/\/www.loireavelo.fr\/\">Loire \u00e0 v\u00e9lo<\/a><\/li>\n\n\n\n<li><a href=\"https:\/\/www.lavelofrancette.com\/\">V\u00e9lo francette<\/a><\/li>\n\n\n\n<li><a href=\"https:\/\/www.lavelodyssee.com\/\">V\u00e9lodyss\u00e9e<\/a><\/li>\n\n\n\n<li><a href=\"https:\/\/fr.eurovelo.com\/ev1\/from-the-atlantic-to-the-kingdom-of-navarra\">Eurovelo 1<\/a><\/li>\n\n\n\n<li><a href=\"https:\/\/fr.eurovelo.com\/ev3\">Eurovelo 3<\/a><\/li>\n\n\n\n<li><a href=\"https:\/\/web.bikemap.net\/r\/3567395\">Camino 9&nbsp;<\/a><\/li>\n<\/ul>\n\n\n\n<p><strong><span style=\"text-decoration: underline;\">Itin\u00e9raire r\u00e9alis\u00e9:<\/span><\/strong><br>Massy &#8211; Porto: <strong>2362,11 kms<\/strong><\/p>\n\n\n\n<figure class=\"wp-block-image size-full\"><img loading=\"lazy\" decoding=\"async\" width=\"973\" height=\"801\" src=\"https:\/\/blogdelara.etcheverry.net\/wp-content\/uploads\/2025\/07\/FinishWooclette.png\" alt=\"\" class=\"wp-image-2007\" srcset=\"https:\/\/blogdelara.etcheverry.net\/wp-content\/uploads\/2025\/07\/FinishWooclette.png 973w, https:\/\/blogdelara.etcheverry.net\/wp-content\/uploads\/2025\/07\/FinishWooclette-300x247.png 300w, https:\/\/blogdelara.etcheverry.net\/wp-content\/uploads\/2025\/07\/FinishWooclette-768x632.png 768w\" sizes=\"auto, (max-width: 973px) 100vw, 973px\" \/><\/figure>\n\n\n\n<p>Les pistes emprunt\u00e9es:<br>&#8211; En France: les m\u00eames<br>&#8211; En Espagne: en terme de pistes cyclables ce sont bien les Eurov\u00e9lo 1 et 3, en terme de p\u00e8lerinage on parle de cet itin\u00e9raire comme le Camino Franc\u00e9s entre Pamplona et Santiago de Compostela et on parle du Camino Portug\u00e9s entre Santiago de Compostela et Porto.<\/p>\n\n\n\n<p><a href=\"https:\/\/drive.google.com\/file\/d\/1Za5p9WBaKQ5KJk-UaRRGp-mCZDWuX8Vm\/view?usp=sharing\"><strong>T\u00e9l\u00e9chargez la trace GPX<\/strong><\/a><\/p>\n","protected":false},"excerpt":{"rendered":"<p>Aller \u00e0 Porto en Bicyclette? Cap! Itin\u00e9raire programm\u00e9:Palaiseau &#8211; Porto: 2535 kms Pistes:&nbsp; Itin\u00e9raire r\u00e9alis\u00e9:Massy &#8211; Porto: 2362,11 kms Les pistes emprunt\u00e9es:&#8211; En France: les m\u00eames&#8211; En Espagne: en terme de pistes cyclables ce sont bien les Eurov\u00e9lo 1 et 3, en terme de p\u00e8lerinage on parle de cet itin\u00e9raire comme le Camino Franc\u00e9s entre&hellip; <a class=\"more-link\" href=\"https:\/\/blogdelara.etcheverry.net\/index.php\/itineraire\/\">Poursuivre la lecture <span class=\"screen-reader-text\">L&rsquo;itin\u00e9raire<\/span><\/a><\/p>\n","protected":false},"author":1,"featured_media":0,"parent":0,"menu_order":0,"comment_status":"closed","ping_status":"closed","template":"","meta":{"footnotes":""},"class_list":["post-1048","page","type-page","status-publish","hentry","entry"],"_links":{"self":[{"href":"https:\/\/blogdelara.etcheverry.net\/index.php\/wp-json\/wp\/v2\/pages\/1048","targetHints":{"allow":["GET"]}}],"collection":[{"href":"https:\/\/blogdelara.etcheverry.net\/index.php\/wp-json\/wp\/v2\/pages"}],"about":[{"href":"https:\/\/blogdelara.etcheverry.net\/index.php\/wp-json\/wp\/v2\/types\/page"}],"author":[{"embeddable":true,"href":"https:\/\/blogdelara.etcheverry.net\/index.php\/wp-json\/wp\/v2\/users\/1"}],"replies":[{"embeddable":true,"href":"https:\/\/blogdelara.etcheverry.net\/index.php\/wp-json\/wp\/v2\/comments?post=1048"}],"version-history":[{"count":12,"href":"https:\/\/blogdelara.etcheverry.net\/index.php\/wp-json\/wp\/v2\/pages\/1048\/revisions"}],"predecessor-version":[{"id":2015,"href":"https:\/\/blogdelara.etcheverry.net\/index.php\/wp-json\/wp\/v2\/pages\/1048\/revisions\/2015"}],"wp:attachment":[{"href":"https:\/\/blogdelara.etcheverry.net\/index.php\/wp-json\/wp\/v2\/media?parent=1048"}],"curies":[{"name":"wp","href":"https:\/\/api.w.org\/{rel}","templated":true}]}}