{"id":1062,"date":"2025-01-06T19:56:16","date_gmt":"2025-01-06T18:56:16","guid":{"rendered":"https:\/\/lara.aerogus.net\/?page_id=1062"},"modified":"2025-11-11T09:08:12","modified_gmt":"2025-11-11T08:08:12","slug":"interventions","status":"publish","type":"page","link":"https:\/\/blogdelara.etcheverry.net\/index.php\/interventions\/","title":{"rendered":"Intervention Musiques du Chili et de Bretagne"},"content":{"rendered":"\n<p>Depuis 2023 je co-anime ou anime des ateliers de pratiques artistiques avec comme objet les musiques traditionnelles de mon patrimoine culturel: Chili et Bretagne.<\/p>\n\n\n\n<p>Je propose des ateliers de transmission orale \u00e0 des musicien.ne.s amateur.ice.s ou non-musicien.ne.s ainsi que cr\u00e9er un arrangement avec les participant.e.s. Il s&rsquo;agit d&rsquo;une rencontre musicale par les enjeux de la pratique collective. La mise en place est en g\u00e9n\u00e9ral plut\u00f4t simple car cela ne n\u00e9cessite pas d&rsquo;installation technique particuli\u00e8re.<br>Je construis les ateliers en fonction du public et des enjeux du partenaire pour faire une rencontre en musique.<br>A ce jour, j&rsquo;ai pu proposer ces ateliers \u00e0 des adultes, des enfants de 6 \u00e0 10 ans et des familles.<\/p>\n\n\n\n<p>Quelques lieux o\u00f9 j&rsquo;ai pu intervenir: <em><a href=\"https:\/\/www.mjcvillebon.org\/\">MJC Boby Lapointe<\/a> (Villebon \/ Yvette), <a href=\"https:\/\/annuaire-entreprises.data.gouv.fr\/etablissement\/34106240403282\">CARSA<\/a> (Corbeil Essonnes), <a href=\"https:\/\/www.mjcsignoret.fr\/\">MJC Simone Signoret <\/a>(Evry), <a href=\"https:\/\/evrycourcouronnes.fr\/annuaire-de-tournage\/maison-de-quartier-village\/\">Maison de quartier Evry village<\/a>, <a href=\"https:\/\/lesfabrigands.fr\/\">La Fabrik<\/a> (St Pardoux Soutiers)<\/em>.<\/p>\n\n\n\n<p><strong><span style=\"text-decoration: underline;\">Quelques ressources<\/span><\/strong>:<br>&#8211; <a href=\"https:\/\/www.lechorepublicain.fr\/luce-28110\/actualites\/rentree-en-musique-a-lecole-jean-zay_14558570\/\">Article Ma Rentr\u00e9e musicale<\/a><br>&#8211; <a href=\"https:\/\/www.radiofrance.fr\/francemusique\/podcasts\/ocora-le-reportage\/ethnofonik-2024-9950424\">Podcast France Culture sur le projet Ethnofonik<\/a>, formation \u00e0 laquelle j&rsquo;ai particip\u00e9 en novembre 2024<br>&#8211; <a href=\"https:\/\/www.youtube.com\/live\/yYLjoGE0_yY?si=wEoW-_dE2bbR0UEG\">Live Ethnofonik novembre 2024<\/a><br>&#8211; <a href=\"https:\/\/youtu.be\/_jOuq11q0JE?si=KcSfmym2u-xYcn6h&amp;t=58\">Concert avec l&rsquo;atelier Ethno mai 2024<\/a> de la MJC Boby Lapointe (co-animation)<\/p>\n","protected":false},"excerpt":{"rendered":"<p>Depuis 2023 je co-anime ou anime des ateliers de pratiques artistiques avec comme objet les musiques traditionnelles de mon patrimoine culturel: Chili et Bretagne. Je propose des ateliers de transmission orale \u00e0 des musicien.ne.s amateur.ice.s ou non-musicien.ne.s ainsi que cr\u00e9er un arrangement avec les participant.e.s. Il s&rsquo;agit d&rsquo;une rencontre musicale par les enjeux de la&hellip; <a class=\"more-link\" href=\"https:\/\/blogdelara.etcheverry.net\/index.php\/interventions\/\">Poursuivre la lecture <span class=\"screen-reader-text\">Intervention Musiques du Chili et de Bretagne<\/span><\/a><\/p>\n","protected":false},"author":1,"featured_media":0,"parent":0,"menu_order":0,"comment_status":"closed","ping_status":"closed","template":"","meta":{"footnotes":""},"class_list":["post-1062","page","type-page","status-publish","hentry","entry"],"_links":{"self":[{"href":"https:\/\/blogdelara.etcheverry.net\/index.php\/wp-json\/wp\/v2\/pages\/1062","targetHints":{"allow":["GET"]}}],"collection":[{"href":"https:\/\/blogdelara.etcheverry.net\/index.php\/wp-json\/wp\/v2\/pages"}],"about":[{"href":"https:\/\/blogdelara.etcheverry.net\/index.php\/wp-json\/wp\/v2\/types\/page"}],"author":[{"embeddable":true,"href":"https:\/\/blogdelara.etcheverry.net\/index.php\/wp-json\/wp\/v2\/users\/1"}],"replies":[{"embeddable":true,"href":"https:\/\/blogdelara.etcheverry.net\/index.php\/wp-json\/wp\/v2\/comments?post=1062"}],"version-history":[{"count":4,"href":"https:\/\/blogdelara.etcheverry.net\/index.php\/wp-json\/wp\/v2\/pages\/1062\/revisions"}],"predecessor-version":[{"id":2025,"href":"https:\/\/blogdelara.etcheverry.net\/index.php\/wp-json\/wp\/v2\/pages\/1062\/revisions\/2025"}],"wp:attachment":[{"href":"https:\/\/blogdelara.etcheverry.net\/index.php\/wp-json\/wp\/v2\/media?parent=1062"}],"curies":[{"name":"wp","href":"https:\/\/api.w.org\/{rel}","templated":true}]}}