{"id":1095,"date":"2025-01-15T15:45:36","date_gmt":"2025-01-15T14:45:36","guid":{"rendered":"https:\/\/lara.aerogus.net\/?page_id=1095"},"modified":"2025-03-31T11:56:52","modified_gmt":"2025-03-31T09:56:52","slug":"favoriser-les-pratiques-inclusives","status":"publish","type":"page","link":"https:\/\/blogdelara.etcheverry.net\/index.php\/favoriser-les-pratiques-inclusives\/","title":{"rendered":"Favoriser les pratiques inclusives"},"content":{"rendered":"\n<p>En mars 2020, j&rsquo;ai fait un diagnostique au sein de la MJC Boby Lapointe, o\u00f9 je suis salari\u00e9e, sur les pratiques artistiques de la structure. Je souhaitais faire le point sur les adh\u00e9rent.es de la section musique. Comme dans beaucoup d&rsquo;autres endroits j&rsquo;ai fait le constat que le genre f\u00e9minin \u00e9tait moins repr\u00e9sent\u00e9 parmi les adh\u00e9rent.es, qu&rsquo;il y a peu de femmes pratiquant la musique entre 18 et 40 ans, et qu&rsquo;elles sont peu repr\u00e9sent\u00e9es dans les pratiques collectives.<br>A cela s&rsquo;ajoute que sur une \u00e9quipe de 13 musicien.nes &#8211; \u00e0 l&rsquo;\u00e9poque &#8211; une seule femme enseignait.<br>Ce diagnostic n&rsquo;a pu \u00eatre r\u00e9alis\u00e9 que sur une repr\u00e9sentation binaire du genre dans le recueil des donn\u00e9es des adh\u00e9rent.es.<\/p>\n\n\n<div class=\"wp-block-image is-style-rounded\">\n<figure class=\"alignleft size-large is-resized\"><a href=\"https:\/\/blogdelara.etcheverry.net\/wp-content\/uploads\/2025\/01\/meufslara.jpg\"><img decoding=\"async\" src=\"https:\/\/blogdelara.etcheverry.net\/wp-content\/uploads\/2025\/01\/meufslara-1024x683.jpg\" alt=\"\" class=\"wp-image-1102\" style=\"aspect-ratio:1;object-fit:cover;width:278px;height:auto\"\/><\/a><\/figure>\n<\/div>\n\n\n<p>J&rsquo;ai propos\u00e9 \u00e0 la structure de monter un projet sur plusieurs ann\u00e9es permettant au femmes et minorit\u00e9 de genre de pratiquer dans un cadre safe et d\u2019\u0153uvrer \u00e0 leur repr\u00e9sentation dans le cadre de nos programmations.<\/p>\n\n\n\n<p>Avec l&rsquo;\u00e9quipe nous avons questionn\u00e9 les pratiques artistiques f\u00e9minines au sein de la structure et essayons de rendre le lieu plus inclusif.<\/p>\n\n\n\n<p>Avec la structure, j&rsquo;ai pu:<br>&#8211; r\u00e9diger la cadre p\u00e9dagogique du stage avec l&rsquo;animatrice musique en charge de l&rsquo;animer<br>&#8211; organiser 4 stages de musique en mixit\u00e9 choisie<br>&#8211; animer l&rsquo;un de ces stage (avril 2024)<br>&#8211; travailler la valorisation des pratiques f\u00e9minines \u00e0 travers ce stage et les diffusions de la MJC.<\/p>\n\n\n\n<p>Lors de diff\u00e9rents bilans de ces actions, nous avons constat\u00e9 l\u2019\u00e9mergence d\u2019autres sujets de discussions et de pr\u00e9occupations de ces musiciennes, qui n\u00e9cessiteraient des temps d\u2019\u00e9change et\/ou des espaces s\u00e9curisants, que j&rsquo;ai pu inclure en 2024 dans un dispositif d&rsquo;\u00e9changes de comp\u00e9tences artistiques entre femmes et entre pairs. Par ailleurs, ayant pour cadre l&rsquo;\u00e9ducation populaire, j&rsquo;ai eu \u00e0 c\u0153ur de permettre \u00e0 ces musiciennes de s&rsquo;investir dans les autres pr\u00e9occupations de la vie d&rsquo;un groupe.<br>Ainsi, des participantes m&rsquo;ont rejoint dans diff\u00e9rents collectifs de programmation, et dans l&rsquo;organisation d&rsquo;\u00e9v\u00e9nements, y compris les leurs lorsqu&rsquo;il s&rsquo;agissait de restituer leur travail.<\/p>\n\n\n\n<p>Actuellement, je constate que ces stages permettent l&rsquo;investissement sur la dur\u00e9e dans la structure associative des participant.es. En effet, ces participantes sont de plus en plus pr\u00e9sentes dans des ateliers de pratiques collectives et \u00e9galement plus \u00e0 l&rsquo;aise aux b\u0153ufs qu&rsquo;organisent la MJC.<\/p>\n\n\n\n<p>Au sein de ce groupe une amiti\u00e9 profonde et durable s&rsquo;est \u00e9galement construite, rendant la prise de d\u00e9cision et l&rsquo;autonomie de ces musiciennes plus fluide. Par ailleurs, ce cercle de femmes restent tr\u00e8s ouvert \u00e0 de nouvelles venues.<\/p>\n\n\n\n<p>Ce projet a 3 objectifs:<br>* Objectif 1 : Favoriser la parole et la r\u00e9flexion sur la place des femmes et des minorit\u00e9s de genre dans les pratiques artistiques&nbsp;au sein d&rsquo;une structure et d&rsquo;un groupe de femmes \u00e0 constituer<br>* Objectif 2 : Valoriser les pratiques artistiques par (et pour \ud83d\ude09 ) les femmes et les minorit\u00e9s de genre<br>* Objectif 3 : Soutenir l\u2019accueil des femmes et les minorit\u00e9s de genre dans les activit\u00e9s artistiques de la structure<\/p>\n\n\n\n<p>Sur une semaine de stage, pour r\u00e9pondre \u00e0 ces objectifs, id\u00e9alement, il faudrait:<br>&#8211; avoir en plus du temps de pratique la possibilit\u00e9 d&rsquo;\u00e9changer<br>&#8211; travailler le projet avec l&rsquo;\u00e9quipe du lieu en amont<br>&#8211; diffuser le r\u00e9sultat du stage, peut \u00eatre avec une artiste f\u00e9minine locale en plus de la restitution<br>&#8211; permettre un bilan et r\u00e9fl\u00e9chir aux perspectives pour la structure sur le long terme.<\/p>\n\n\n\n<p><\/p>\n\n\n\n<p><\/p>\n","protected":false},"excerpt":{"rendered":"<p>En mars 2020, j&rsquo;ai fait un diagnostique au sein de la MJC Boby Lapointe, o\u00f9 je suis salari\u00e9e, sur les pratiques artistiques de la structure. Je souhaitais faire le point sur les adh\u00e9rent.es de la section musique. Comme dans beaucoup d&rsquo;autres endroits j&rsquo;ai fait le constat que le genre f\u00e9minin \u00e9tait moins repr\u00e9sent\u00e9 parmi les&hellip; <a class=\"more-link\" href=\"https:\/\/blogdelara.etcheverry.net\/index.php\/favoriser-les-pratiques-inclusives\/\">Poursuivre la lecture <span class=\"screen-reader-text\">Favoriser les pratiques inclusives<\/span><\/a><\/p>\n","protected":false},"author":1,"featured_media":0,"parent":0,"menu_order":0,"comment_status":"closed","ping_status":"closed","template":"","meta":{"footnotes":""},"class_list":["post-1095","page","type-page","status-publish","hentry","entry"],"_links":{"self":[{"href":"https:\/\/blogdelara.etcheverry.net\/index.php\/wp-json\/wp\/v2\/pages\/1095","targetHints":{"allow":["GET"]}}],"collection":[{"href":"https:\/\/blogdelara.etcheverry.net\/index.php\/wp-json\/wp\/v2\/pages"}],"about":[{"href":"https:\/\/blogdelara.etcheverry.net\/index.php\/wp-json\/wp\/v2\/types\/page"}],"author":[{"embeddable":true,"href":"https:\/\/blogdelara.etcheverry.net\/index.php\/wp-json\/wp\/v2\/users\/1"}],"replies":[{"embeddable":true,"href":"https:\/\/blogdelara.etcheverry.net\/index.php\/wp-json\/wp\/v2\/comments?post=1095"}],"version-history":[{"count":2,"href":"https:\/\/blogdelara.etcheverry.net\/index.php\/wp-json\/wp\/v2\/pages\/1095\/revisions"}],"predecessor-version":[{"id":1167,"href":"https:\/\/blogdelara.etcheverry.net\/index.php\/wp-json\/wp\/v2\/pages\/1095\/revisions\/1167"}],"wp:attachment":[{"href":"https:\/\/blogdelara.etcheverry.net\/index.php\/wp-json\/wp\/v2\/media?parent=1095"}],"curies":[{"name":"wp","href":"https:\/\/api.w.org\/{rel}","templated":true}]}}