{"id":1121,"date":"2025-01-30T13:45:53","date_gmt":"2025-01-30T12:45:53","guid":{"rendered":"https:\/\/blogdelara.etcheverry.net\/?page_id=1121"},"modified":"2025-11-11T09:04:45","modified_gmt":"2025-11-11T08:04:45","slug":"presentation-de-la-cycliste","status":"publish","type":"page","link":"https:\/\/blogdelara.etcheverry.net\/index.php\/presentation-de-la-cycliste\/","title":{"rendered":"Pr\u00e9sentation de la cycliste"},"content":{"rendered":"<div class=\"wp-block-image is-style-rounded\">\n<figure class=\"alignleft size-large is-resized\"><a href=\"https:\/\/blogdelara.etcheverry.net\/wp-content\/uploads\/2025\/01\/lara-scaled.jpg\"><img decoding=\"async\" src=\"https:\/\/blogdelara.etcheverry.net\/wp-content\/uploads\/2025\/01\/lara-683x1024.jpg\" alt=\"\" class=\"wp-image-1122\" style=\"width:206px;height:auto\"\/><\/a><\/figure>\n<\/div>\n\n\n<p>Il \u00e9tait une fois, une fille de banlieue -c&rsquo;est moi- avec des id\u00e9es plein la t\u00eate et une longue liste de r\u00eaves \u00e0 r\u00e9aliser.<br>L&rsquo;histoire commence en 1991 (un 23 avril, si vous voulez me souhaitez mon anniversaire) \u00e0 Paris, capitale, au sein d&rsquo;une famille Bretonne et Chilienne o\u00f9 l&rsquo;amour et l&rsquo;esprit de f\u00eate sont les piliers de notre vie.<\/p>\n\n\n\n<p>En parall\u00e8le d&rsquo;un cursus scolaire relativement classique, je vis de folles aventures au sein d&rsquo;associations sportives et culturelles de mon bled ch\u00e9ri: Epinay sur Orge. Je fabrique un panel de comp\u00e9tences et d\u00e9veloppe une curiosit\u00e9 pour diff\u00e9rents secteurs, gr\u00e2ce \u00e0 des humains plut\u00f4t bienveillants et accueillants.<\/p>\n\n\n\n<ul class=\"wp-block-list\">\n<li>Au <strong><a href=\"https:\/\/shark-roller.blogspot.com\/\">Shark Roller Club<\/a><\/strong>, j&rsquo;anime des ateliers de roller avec une \u00e9quipe \u00e0 partir de mes 17 ans. Gr\u00e2ce \u00e0 l&rsquo;\u00e9quipe de l&rsquo;asso, je passe un BIF et j&rsquo;ai des roues de rollers en \u00e9change de mes animations. Trop sympa. Je d\u00e9veloppe un skill en <a href=\"https:\/\/www.youtube.com\/watch?v=xWh5eaWE248\">slalom<\/a> et je participe 2 fois au 24h du Mans roller. C&rsquo;\u00e9tait fun.<\/li>\n\n\n\n<li>Au <a href=\"https:\/\/www.facebook.com\/karateclubepinay\/\"><strong>Karat\u00e9 Club d&rsquo;Epinay<\/strong><\/a>, j&rsquo;apaise ma col\u00e8re et r\u00e8gle mes comptes avec ma s\u0153ur sur le tatami. En 2014 on passe notre 1\u00e8re Dan ensemble. Les s\u0153urs Etcheverry sont capables de vous botter les fesses mais respectueusement.<\/li>\n\n\n\n<li>Au sein de l&rsquo;association <a href=\"https:\/\/www.adhocmusic.com\/\"><strong>AD&rsquo;HOC<\/strong><\/a>, je commence \u00e0 faire b\u00e9n\u00e9volement ce que plus tard on me demandera de faire comme vrai travail. J&rsquo;organise avec l&rsquo;\u00e9quipe les concerts, un festival, des b\u0153ufs. Un jour j&rsquo;en suis pr\u00e9sidente. J&rsquo;avais la vingtaine et y a m\u00eame un article de presse o\u00f9 le journaliste n&rsquo;a pas pu s&#8217;emp\u00eacher de noter que j&rsquo;\u00e9tais jeune. En plus de me faire des ami.es pour la vie, j&rsquo;apprends \u00e0 faire de la communication, de la production d&rsquo;\u00e9v\u00e9nement, un peu de technique et globalement de la gestion de projets culturels et associatifs.<br>Je d\u00e9couvre et participe au r\u00e9seau des musiques actuelles sur mon temps libre.<\/li>\n<\/ul>\n\n\n\n<p>Cette vie associative, et mon hyper activit\u00e9 sont \u00e9galement nourrit par des projets de musique. Tout \u00e7a m&rsquo;aide \u00e0 mieux comprendre le secteur professionnel dans lequel je vais \u00e9voluer, et surtout \u00e0 m&rsquo;amuser et \u00eatre \u00ab\u00a0la rockeuse\u00a0\u00bb de mon entourage. Je d\u00e9veloppe rapidement la comp\u00e9tence de groupe et on m&rsquo;appelle un peu pour des projets. Longtemps, j&rsquo;ai voulu que cette activit\u00e9 soit b\u00e9n\u00e9vole, car j&rsquo;aimais croire que j&rsquo;avais d&rsquo;autres choses \u00e0 fabriquer par ailleurs. J&rsquo;ai \u00e9volu\u00e9 dans ces quelques projets:<\/p>\n\n\n\n<ul class=\"wp-block-list\">\n<li><strong><a href=\"https:\/\/www.adhocmusic.com\/lilwonk\">Lil*Wonk<\/a><\/strong> &#8211; le premier groupe que j&rsquo;ai form\u00e9 avec mes copines. J&rsquo;\u00e9crivais les chansons et en faisais les arrangements. A l&rsquo;\u00e9poque, je ne savais pas que \u00e7a s&rsquo;appelait comme \u00e7a. On a men\u00e9 ce projet pendant 2 ans avec que des filles. On racontait des histoire de c\u0153urs bris\u00e9s, des trucs qui n&rsquo;avaient aucun sens et surtout on riait beaucoup. On faisait quelque chose qui ressemblait \u00e0 de la pop funky.<\/li>\n\n\n\n<li><strong><a href=\"https:\/\/theholidayarmadillo.net\/\">The Holiday Armadillo<\/a><\/strong> &#8211; premier projet de grande personne avec de grandes personnes. A l&rsquo;initiative de Gregory Erb, on a mont\u00e9 un live de rock progressif avec ses chansons. J&rsquo;\u00e9tais un peu timide, mais j&rsquo;ai tellement appris de cette exp\u00e9rience. Les vid\u00e9os de nos lives sont plut\u00f4t classes, j&rsquo;ai eu de la chance de faire partie de cette aventure.<\/li>\n\n\n\n<li><strong><a href=\"https:\/\/verveine-underground.fr\/\">Verveine UNDERGROUND<\/a><\/strong> &#8211; projet le plus professionnel pour le moment, avec des tourn\u00e9es, des vid\u00e9os visuelles, et du travail dans la joie et la bonne humeur. A nous 2, on fait des arrangements des meilleurs chansons des Beatles (en toute objectivit\u00e9), et on essaie de montrer un peu notre travail \u00e0 droite \u00e0 gauche. On a m\u00eame d\u00e9j\u00e0 anim\u00e9 une chorale \u00e9ph\u00e9m\u00e8re une fois.<\/li>\n\n\n\n<li><strong><span style=\"text-decoration: underline;\"><a href=\"https:\/\/www.instagram.com\/shiny_disco_folks\/\">Shiny Disco Folks<\/a><\/span><\/strong> &#8211; groupe que de bal folk disco funk maboule dans lequel je joue de la guitare \u00e9lectrique.<\/li>\n<\/ul>\n\n\n\n<p>En bonus, la fiche projet de mes premiers copains de rock, <a href=\"https:\/\/www.adhocmusic.com\/lesslammers\">The Slammers<\/a>. Ce reportage de France 2 sera notre premi\u00e8re r\u00e9p\u00e9tition en groupe, et pratiquement la derni\u00e8re! J&rsquo;ai aussi particip\u00e9 ponctuellement \u00e0 d&rsquo;autres projets dont il n&rsquo;existe pas toujours des traces sur le web.<\/p>\n\n\n\n<p>Dans mon CV professionnel, j&rsquo;ai eu 2 vies:<\/p>\n\n\n\n<ul class=\"wp-block-list\">\n<li><strong>Ma\u00eetresse d&rsquo;\u00e9cole<\/strong> &#8211; dites ing\u00e9nieure en p\u00e2te \u00e0 sel (en ce qui me concerne, pas du tout pour le reste du corps enseignant, OK?)<\/li>\n\n\n\n<li><strong>Charg\u00e9e de projets culturels<\/strong> &#8211; dites ing\u00e9nieure de nouba et divers projets culturels<\/li>\n<\/ul>\n\n\n\n<p>Les trois employeur.euse.s qui ont particip\u00e9 \u00e0 mon \u00e9volution professionnelle:<\/p>\n\n\n\n<ul class=\"wp-block-list\">\n<li>L&rsquo;<a href=\"https:\/\/www.facebook.com\/ogresse.theatre.associatif\/\"><strong>Ogresse Th\u00e9\u00e2tre<\/strong><\/a>, Paris 20\u00e8me, en tant que charg\u00e9e de programmation, administration et communication. Tout un programme! Ce -feu- th\u00e9\u00e2tre associatif m&rsquo;a bien aid\u00e9 \u00e0 d\u00e9marrer ma route dans ce secteur. C&rsquo;\u00e9tait dense, mais j&rsquo;ai appris \u00e9norm\u00e9ment sur le secteur, et j&rsquo;ai fait un gain de comp\u00e9tences sur les trois missions que j&rsquo;avais.<\/li>\n\n\n\n<li><a href=\"https:\/\/www.quartetbuccal.fr\/\"><strong>Quartet Buccal<\/strong><\/a>, Essonne, en tant que charg\u00e9e de diffusion. Mazette, j&rsquo;ai pass\u00e9 quelques ann\u00e9es de fun avec cette compagnie historique du D\u00e9partement, et de fortes amiti\u00e9s r\u00e9sultent de mon passage dans la compagnie.<br>Un moment hyper marquant dans ma vie professionnelle et personnelle, parce que j&rsquo;avais un peu la phobie du t\u00e9l\u00e9phone et fallait appeler des gens que je ne connaissais pas toute la journ\u00e9e.<br>C&rsquo;\u00e9tait aussi la vida loca en tourn\u00e9e, g\u00e9rer les contrats de la compagnie, participer \u00e0 la strat\u00e9gie de diffusion et surtout voir des spectacles se cr\u00e9er.<\/li>\n\n\n\n<li><a href=\"https:\/\/www.mjcvillebon.org\/\"><strong>MJC Boby Lapointe<\/strong><\/a>, Villebon sur Yvette, en tant qu&rsquo;animatrice spectacle vivant de la structure. Si un jour on m&rsquo;avait dit que je bosserai dans la MJC que j&rsquo;aimais le plus en Essonne, je n&rsquo;y aurait pas cru. Je participe aux projets qui m&rsquo;ont mis des \u00e9toiles pleins les yeux avant mon arriv\u00e9e: <a href=\"https:\/\/www.mjcvillebon.org\/ethno-france\/\">Ethno France<\/a>, les <a href=\"https:\/\/guinguettesyvette.org\/\">Guinguettes de l&rsquo;Yvette<\/a>, les concerts.<br>Autant vous dire que je ne suis plus la m\u00eame personne apr\u00e8s 5 ans au sein de la structure.<br>L\u00e0-bas, et jusqu&rsquo;\u00e0 mon d\u00e9part, j&rsquo;ai 3 missions: de la coordination p\u00e9dagogique, production et programmation des spectacles de la MJC et accompagnement de projets.<\/li>\n<\/ul>\n\n\n\n<p>Si je devais ajouter un fil rouge \u00e0 toutes ces exp\u00e9riences, j&rsquo;essaie &#8211; \u00e0 mon \u00e9chelle &#8211; d\u2019\u0153uvrer pour l&rsquo;\u00e9galit\u00e9 des genres. A la MJC de Villebon, j&rsquo;ai travaill\u00e9 avec du beau monde pour encourager les <a href=\"https:\/\/blogdelara.etcheverry.net\/index.php\/favoriser-les-pratiques-inclusives\/\">pratiques artistiques inclusives<\/a>. Je me suis d\u00e9brouill\u00e9e pour \u00eatre r\u00e9f\u00e9rente VHSS (Violence Harc\u00e8lement Sexiste et Sexuel) de la structure. \u00c7a nous a permis des discussions au sein de l&rsquo;\u00e9quipe et aupr\u00e8s des publics, secouer les coll\u00e8gues, faire un protocole pour la structure, et globalement je crois qu&rsquo;on arrive \u00e0 rendre le lieu plus inclusif.<\/p>\n\n\n\n<p>Si c&rsquo;est un fil rouge, c&rsquo;est parce qu&rsquo;avec mes exp\u00e9riences professionnelles et artistiques j&rsquo;ai pris conscience des violences sexistes et d&rsquo;une structuration in\u00e9galitaire de notre soci\u00e9t\u00e9. \u00c7a a eu pour effet de me mettre en col\u00e8re. Ouf: \u00e7&rsquo;a \u00e9t\u00e9 un moteur pour passer \u00e0 l&rsquo;acte.<\/p>\n\n\n\n<p>Et la <strong>bicyclette<\/strong> dans tout \u00e7a?<\/p>\n\n\n\n<p>Franchement, je ne sais pas. Si on y r\u00e9fl\u00e9chit, le v\u00e9lo c&rsquo;est cool: nous sommes nombreux.euse.s dans notre soci\u00e9t\u00e9 occidentale \u00e0 en avoir un et \u00e0 savoir le conduire. A priori le mien ne produit aucun gaz \u00e0 effet de serre pendant son utilisation. C&rsquo;est un bon bourriquet pour les v\u00eatements et la tente. Et comme on se d\u00e9pense en faisant du v\u00e9lo: \u00e7a me va super bien, parce que j&rsquo;ai besoin de ressentir le chemin que l&rsquo;on parcourt.<\/p>\n\n\n\n<p><strong>Pourquoi je fais \u00e7a?<\/strong><\/p>\n\n\n\n<p>Vous aurez une longue r\u00e9ponse au cours du p\u00e9riple. Ma motivation r\u00e9side dans mon envie de voir d&rsquo;autres fa\u00e7ons de faire dans mon milieu professionnel, dans l&rsquo;id\u00e9e que j&rsquo;ai envie de partager et recevoir de la musique, et dans l&rsquo;id\u00e9e que c&rsquo;est en voyageant que je grandis. Et j&rsquo;ai aussi soif d&rsquo;une aventure comme celle-l\u00e0.<\/p>\n","protected":false},"excerpt":{"rendered":"<p>Il \u00e9tait une fois, une fille de banlieue -c&rsquo;est moi- avec des id\u00e9es plein la t\u00eate et une longue liste de r\u00eaves \u00e0 r\u00e9aliser.L&rsquo;histoire commence en 1991 (un 23 avril, si vous voulez me souhaitez mon anniversaire) \u00e0 Paris, capitale, au sein d&rsquo;une famille Bretonne et Chilienne o\u00f9 l&rsquo;amour et l&rsquo;esprit de f\u00eate sont les&hellip; <a class=\"more-link\" href=\"https:\/\/blogdelara.etcheverry.net\/index.php\/presentation-de-la-cycliste\/\">Poursuivre la lecture <span class=\"screen-reader-text\">Pr\u00e9sentation de la cycliste<\/span><\/a><\/p>\n","protected":false},"author":1,"featured_media":0,"parent":0,"menu_order":0,"comment_status":"closed","ping_status":"closed","template":"","meta":{"footnotes":""},"class_list":["post-1121","page","type-page","status-publish","hentry","entry"],"_links":{"self":[{"href":"https:\/\/blogdelara.etcheverry.net\/index.php\/wp-json\/wp\/v2\/pages\/1121","targetHints":{"allow":["GET"]}}],"collection":[{"href":"https:\/\/blogdelara.etcheverry.net\/index.php\/wp-json\/wp\/v2\/pages"}],"about":[{"href":"https:\/\/blogdelara.etcheverry.net\/index.php\/wp-json\/wp\/v2\/types\/page"}],"author":[{"embeddable":true,"href":"https:\/\/blogdelara.etcheverry.net\/index.php\/wp-json\/wp\/v2\/users\/1"}],"replies":[{"embeddable":true,"href":"https:\/\/blogdelara.etcheverry.net\/index.php\/wp-json\/wp\/v2\/comments?post=1121"}],"version-history":[{"count":3,"href":"https:\/\/blogdelara.etcheverry.net\/index.php\/wp-json\/wp\/v2\/pages\/1121\/revisions"}],"predecessor-version":[{"id":2024,"href":"https:\/\/blogdelara.etcheverry.net\/index.php\/wp-json\/wp\/v2\/pages\/1121\/revisions\/2024"}],"wp:attachment":[{"href":"https:\/\/blogdelara.etcheverry.net\/index.php\/wp-json\/wp\/v2\/media?parent=1121"}],"curies":[{"name":"wp","href":"https:\/\/api.w.org\/{rel}","templated":true}]}}